{"id":385,"date":"2022-01-17T03:09:39","date_gmt":"2022-01-17T03:09:39","guid":{"rendered":"https:\/\/evr.org.mx\/kairos\/?page_id=385"},"modified":"2022-01-17T03:09:39","modified_gmt":"2022-01-17T03:09:39","slug":"politica-de-devoluciones","status":"publish","type":"page","link":"https:\/\/evr.org.mx\/kairos\/politica-de-devoluciones\/","title":{"rendered":"POL\u00cdTICA DE DEVOLUCIONES"},"content":{"rendered":"<p>Para solicitar la devoluci\u00f3n de la cuota de recuperaci\u00f3n aportada, se tiene 15 d\u00edas naturales contados desde la fecha de la \u00faltima aportaci\u00f3n realizada.<\/p><p>La solicitud de devoluci\u00f3n se realiza por correo electr\u00f3nico: soporte@evr.org.mx<\/p><p>Debe indicarse el n\u00famero de registro de beneficiario, adjuntando su plan de aportaciones y los recibos de las aportaciones efectuadas (tickets de dep\u00f3sito, im\u00e1genes de transferencias, comprobante de pago electr\u00f3nico de SPEI realizado, capturas de pantalla de correos electr\u00f3nicos de notificaci\u00f3n de pago, de recibos de dinero foliados de la instituci\u00f3n) y\/o Comprobante Fiscal Digital por Internet (CFDI) que ampare el ingreso a EVR por la prestaci\u00f3n de servicios.<\/p><p>El proceso de devoluci\u00f3n tendr\u00e1 un lapso de 15 d\u00edas h\u00e1biles.<\/p><p>Se podr\u00e1 realizar la Devoluci\u00f3n de cuant\u00eda de la cantidad de dinero aportada a trav\u00e9s de una transferencia SPEI en cuenta bancaria a nombre del beneficiario con el concepto REEMBOLSO EVR, de no tener cuenta bancaria puede solicitar la entrega del dinero en efectivo en nuestro domicilio ubicado en Av. Fco. I Madero 271 Sur,&nbsp; Col. Centro, Cd. Lerdo, Durango, M\u00e9xico (previa cita) o se realizar\u00e1 la entrega un vale por la cantidad de dinero aportada para uso propio o de alguna otra persona (indispensable proporcionar el nombre completo con CURP para nuevo beneficiario&nbsp; o n\u00famero de beneficiario, para sustentante ya registrado) con fecha de vencimiento de 6 meses contados a partir de la fecha del vale.<\/p><p>Si el solicitante lo decide se puede utilizar alg\u00fan servicio de env\u00edo de dinero, donde la comisi\u00f3n por este servicio ser\u00e1 costeado por el solicitante.<\/p><p><strong>Condiciones para la Devoluci\u00f3n<\/strong><\/p><p>Para que la devoluci\u00f3n se realice la persona que la solicita, debe ser beneficiario registrado y NO TENER INICIADO el Proceso de Capacitaci\u00f3n para la Acreditaci\u00f3n correspondiente (no haber realizado al d\u00eda de la solicitud de la devoluci\u00f3n: examen de practica 1, para educaci\u00f3n b\u00e1sica, educaci\u00f3n media superior y educaci\u00f3n superior), tampoco haber tenido entrevista de encuadre, ni tener plan de trabajo asignado (educaci\u00f3n b\u00e1sica, educaci\u00f3n media superior y educaci\u00f3n superior). Tampoco procede la devoluci\u00f3n si ya se ha realizado una aplicaci\u00f3n oficial con alguna instituci\u00f3n evaluadora vigente del Acuerdo 286 de la Secretaria de Educaci\u00f3n P\u00fablica como consecuencia de la capacitaci\u00f3n para dicha evaluaci\u00f3n oficial por parte de Escuela Veteranos de la Revoluci\u00f3n Gral. L\u00e1zaro C\u00e1rdenas, A. C. se haya acreditado o no, el examen de conocimientos.<\/p><p>Solo se procede la devoluci\u00f3n del dinero aportado por beneficiarios registrados, con los comprobantes de pago mencionados anteriormente y que no hayan iniciado proceso de capacitaci\u00f3n para la acreditaci\u00f3n correspondiente.<\/p><p><strong>Proceso de Devoluci\u00f3n<\/strong><\/p><p><a><\/a>Al solicitar la devoluci\u00f3n se le enviara un formato denominado SOLICITUD DE DEVOLUCI\u00d3N EVR, donde plasmara toda la informaci\u00f3n necesaria para verificar el registro como beneficiario del individuo solicitante, verificar que se cumplan con las condiciones para la devoluci\u00f3n y corroborar la (o las) aportaci\u00f3n(es) realizadas con el (o los) comprobante(s) que amparen la devoluci\u00f3n. Terminando este proceso administrativo empieza correr el tiempo para la devoluci\u00f3n del dinero.<\/p>","protected":false},"excerpt":{"rendered":"<p>Para solicitar la devoluci\u00f3n de la cuota de recuperaci\u00f3n aportada, se tiene 15 d\u00edas naturales contados desde la fecha de&#8230;<\/p>\n<div class=\"more-link-wrapper\"><a class=\"more-link\" href=\"https:\/\/evr.org.mx\/kairos\/politica-de-devoluciones\/\">Continuar leyendo<span class=\"screen-reader-text\">POL\u00cdTICA DE DEVOLUCIONES<\/span><\/a><\/div>\n","protected":false},"author":1,"featured_media":0,"parent":0,"menu_order":0,"comment_status":"closed","ping_status":"closed","template":"","meta":{"footnotes":""},"class_list":["post-385","page","type-page","status-publish","hentry","entry"],"_links":{"self":[{"href":"https:\/\/evr.org.mx\/kairos\/wp-json\/wp\/v2\/pages\/385","targetHints":{"allow":["GET"]}}],"collection":[{"href":"https:\/\/evr.org.mx\/kairos\/wp-json\/wp\/v2\/pages"}],"about":[{"href":"https:\/\/evr.org.mx\/kairos\/wp-json\/wp\/v2\/types\/page"}],"author":[{"embeddable":true,"href":"https:\/\/evr.org.mx\/kairos\/wp-json\/wp\/v2\/users\/1"}],"replies":[{"embeddable":true,"href":"https:\/\/evr.org.mx\/kairos\/wp-json\/wp\/v2\/comments?post=385"}],"version-history":[{"count":1,"href":"https:\/\/evr.org.mx\/kairos\/wp-json\/wp\/v2\/pages\/385\/revisions"}],"predecessor-version":[{"id":386,"href":"https:\/\/evr.org.mx\/kairos\/wp-json\/wp\/v2\/pages\/385\/revisions\/386"}],"wp:attachment":[{"href":"https:\/\/evr.org.mx\/kairos\/wp-json\/wp\/v2\/media?parent=385"}],"curies":[{"name":"wp","href":"https:\/\/api.w.org\/{rel}","templated":true}]}}