{"id":50,"date":"2020-05-31T22:35:42","date_gmt":"2020-05-31T22:35:42","guid":{"rendered":"http:\/\/evr.org.mx\/kairos\/?post_type=product&#038;p=50"},"modified":"2024-08-23T06:02:33","modified_gmt":"2024-08-23T06:02:33","slug":"cuota-de-recuperacion-bachillerato-en-linea","status":"publish","type":"product","link":"https:\/\/evr.org.mx\/kairos\/producto\/cuota-de-recuperacion-bachillerato-en-linea\/","title":{"rendered":"Cuota de recuperaci\u00f3n Bachillerato en l\u00ednea (PRUEBA)"},"content":{"rendered":"<p>Cuota de recuperaci\u00f3n bachillerato<\/p>\n","protected":false},"excerpt":{"rendered":"<p>Cuota de recuperaci\u00f3n bachillerato<\/p>\n","protected":false},"featured_media":73,"comment_status":"closed","ping_status":"closed","template":"","meta":[],"product_cat":[15],"product_tag":[],"class_list":{"0":"post-50","1":"product","2":"type-product","3":"status-publish","4":"has-post-thumbnail","6":"product_cat-sin-categorizar","7":"entry","9":"first","10":"instock","11":"virtual","12":"purchasable","13":"product-type-simple"},"_links":{"self":[{"href":"https:\/\/evr.org.mx\/kairos\/wp-json\/wp\/v2\/product\/50","targetHints":{"allow":["GET"]}}],"collection":[{"href":"https:\/\/evr.org.mx\/kairos\/wp-json\/wp\/v2\/product"}],"about":[{"href":"https:\/\/evr.org.mx\/kairos\/wp-json\/wp\/v2\/types\/product"}],"replies":[{"embeddable":true,"href":"https:\/\/evr.org.mx\/kairos\/wp-json\/wp\/v2\/comments?post=50"}],"wp:featuredmedia":[{"embeddable":true,"href":"https:\/\/evr.org.mx\/kairos\/wp-json\/wp\/v2\/media\/73"}],"wp:attachment":[{"href":"https:\/\/evr.org.mx\/kairos\/wp-json\/wp\/v2\/media?parent=50"}],"wp:term":[{"taxonomy":"product_cat","embeddable":true,"href":"https:\/\/evr.org.mx\/kairos\/wp-json\/wp\/v2\/product_cat?post=50"},{"taxonomy":"product_tag","embeddable":true,"href":"https:\/\/evr.org.mx\/kairos\/wp-json\/wp\/v2\/product_tag?post=50"}],"curies":[{"name":"wp","href":"https:\/\/api.w.org\/{rel}","templated":true}]}}